{"id":3823,"date":"2023-01-12T08:57:38","date_gmt":"2023-01-12T07:57:38","guid":{"rendered":"https:\/\/chai-loly.com\/?page_id=3823"},"modified":"2026-01-21T22:37:09","modified_gmt":"2026-01-21T21:37:09","slug":"conditions-et-equipements","status":"publish","type":"page","link":"https:\/\/chai-loly.com\/index.php\/conditions-et-equipements\/","title":{"rendered":"R\u00e9servations"},"content":{"rendered":"\t\t<div data-elementor-type=\"wp-page\" data-elementor-id=\"3823\" class=\"elementor elementor-3823\">\n\t\t\t\t\t\t<section class=\"elementor-section elementor-top-section elementor-element elementor-element-5835efd0 elementor-section-boxed elementor-section-height-default elementor-section-height-default\" data-id=\"5835efd0\" data-element_type=\"section\" data-e-type=\"section\">\n\t\t\t\t\t\t<div class=\"elementor-container elementor-column-gap-default\">\n\t\t\t\t\t<div class=\"elementor-column elementor-col-100 elementor-top-column elementor-element elementor-element-20fc9419\" data-id=\"20fc9419\" data-element_type=\"column\" data-e-type=\"column\">\n\t\t\t<div class=\"elementor-widget-wrap elementor-element-populated\">\n\t\t\t\t\t\t<div class=\"elementor-element elementor-element-5b216509 elementor-widget__width-initial elementor-widget elementor-widget-text-editor\" data-id=\"5b216509\" data-element_type=\"widget\" data-e-type=\"widget\" data-widget_type=\"text-editor.default\">\n\t\t\t\t<div class=\"elementor-widget-container\">\n\t\t\t\t\t\t\t\t\t<p>R\u00e9servation en direct par appel ou SMS au <u>06.45.95.83.61<\/u> ou par mail \u00e0 <u>chai.loly64@gmail.com<\/u><\/p>\t\t\t\t\t\t\t\t<\/div>\n\t\t\t\t<\/div>\n\t\t\t\t\t<\/div>\n\t\t<\/div>\n\t\t\t\t\t<\/div>\n\t\t<\/section>\n\t\t\t\t<section class=\"elementor-section elementor-top-section elementor-element elementor-element-b3a0b9f elementor-section-boxed elementor-section-height-default elementor-section-height-default\" data-id=\"b3a0b9f\" data-element_type=\"section\" data-e-type=\"section\">\n\t\t\t\t\t\t<div class=\"elementor-container elementor-column-gap-default\">\n\t\t\t\t\t<div class=\"elementor-column elementor-col-100 elementor-top-column elementor-element elementor-element-ec87cb1\" data-id=\"ec87cb1\" data-element_type=\"column\" data-e-type=\"column\">\n\t\t\t<div class=\"elementor-widget-wrap elementor-element-populated\">\n\t\t\t\t\t\t<div class=\"elementor-element elementor-element-c05bbf9 elementor-widget elementor-widget-heading\" data-id=\"c05bbf9\" data-element_type=\"widget\" data-e-type=\"widget\" data-widget_type=\"heading.default\">\n\t\t\t\t<div class=\"elementor-widget-container\">\n\t\t\t\t\t<h2 class=\"elementor-heading-title elementor-size-default\">Tarifs pour deux personnes avec baln\u00e9o<\/h2>\t\t\t\t<\/div>\n\t\t\t\t<\/div>\n\t\t\t\t\t<\/div>\n\t\t<\/div>\n\t\t\t\t\t<\/div>\n\t\t<\/section>\n\t\t\t\t<section class=\"elementor-section elementor-top-section elementor-element elementor-element-278e5a6 elementor-section-boxed elementor-section-height-default elementor-section-height-default\" data-id=\"278e5a6\" data-element_type=\"section\" data-e-type=\"section\">\n\t\t\t\t\t\t<div class=\"elementor-container elementor-column-gap-default\">\n\t\t\t\t\t<div class=\"elementor-column elementor-col-100 elementor-top-column elementor-element elementor-element-f5ead70\" data-id=\"f5ead70\" data-element_type=\"column\" data-e-type=\"column\">\n\t\t\t<div class=\"elementor-widget-wrap elementor-element-populated\">\n\t\t\t\t\t\t<div class=\"elementor-element elementor-element-529c795 elementor-widget__width-initial elementor-widget elementor-widget-text-editor\" data-id=\"529c795\" data-element_type=\"widget\" data-e-type=\"widget\" data-widget_type=\"text-editor.default\">\n\t\t\t\t<div class=\"elementor-widget-container\">\n\t\t\t\t\t\t\t\t\t<p><span style=\"font-size: 20px;\">La nuit\u00e9e : 92 \u20ac<\/span><\/p><p>Court s\u00e9jour (de 2 \u00e0 4 nuits) : 88 \u20ac\/nuit<\/p><p>Long s\u00e9jour (5 nuits ou +) : 80 \u20ac\/nuit<\/p><p>Je propose 2 formules de petits d\u00e9jeuner:<\/p><p>Traditionnel \u00e0 7 \u20ac\/personne et Brunch \u00e0 14\u20ac\/personne.<\/p><p>\u00a0<\/p><p><i>Demande sp\u00e9ciale par t\u00e9l\u00e9phone<\/i><\/p>\t\t\t\t\t\t\t\t<\/div>\n\t\t\t\t<\/div>\n\t\t\t\t\t<\/div>\n\t\t<\/div>\n\t\t\t\t\t<\/div>\n\t\t<\/section>\n\t\t\t\t<section class=\"elementor-section elementor-top-section elementor-element elementor-element-71fada83 elementor-section-boxed elementor-section-height-default elementor-section-height-default elementor-invisible\" data-id=\"71fada83\" data-element_type=\"section\" data-e-type=\"section\" data-settings=\"{&quot;animation&quot;:&quot;fadeInUp&quot;}\">\n\t\t\t\t\t\t<div class=\"elementor-container elementor-column-gap-default\">\n\t\t\t\t\t<div class=\"elementor-column elementor-col-50 elementor-top-column elementor-element elementor-element-549bb27c\" data-id=\"549bb27c\" data-element_type=\"column\" data-e-type=\"column\">\n\t\t\t<div class=\"elementor-widget-wrap elementor-element-populated\">\n\t\t\t\t\t\t<div class=\"elementor-element elementor-element-5d1d628b elementor-widget elementor-widget-google_maps\" data-id=\"5d1d628b\" data-element_type=\"widget\" data-e-type=\"widget\" data-widget_type=\"google_maps.default\">\n\t\t\t\t<div class=\"elementor-widget-container\">\n\t\t\t\t\t\t\t<div class=\"elementor-custom-embed\">\n\t\t\t<iframe loading=\"lazy\"\n\t\t\t\t\tsrc=\"https:\/\/maps.google.com\/maps?q=477%20all%C3%A9e%20de%20sauti%C3%A9%2064300%20BALANSUN&#038;t=m&#038;z=10&#038;output=embed&#038;iwloc=near\"\n\t\t\t\t\ttitle=\"477 all\u00e9e de sauti\u00e9 64300 BALANSUN\"\n\t\t\t\t\taria-label=\"477 all\u00e9e de sauti\u00e9 64300 BALANSUN\"\n\t\t\t><\/iframe>\n\t\t<\/div>\n\t\t\t\t\t\t<\/div>\n\t\t\t\t<\/div>\n\t\t\t\t\t<\/div>\n\t\t<\/div>\n\t\t\t\t<div class=\"elementor-column elementor-col-50 elementor-top-column elementor-element elementor-element-5933a063\" data-id=\"5933a063\" data-element_type=\"column\" data-e-type=\"column\">\n\t\t\t<div class=\"elementor-widget-wrap elementor-element-populated\">\n\t\t\t\t\t\t<div class=\"elementor-element elementor-element-750aebc elementor-widget elementor-widget-heading\" data-id=\"750aebc\" data-element_type=\"widget\" data-e-type=\"widget\" data-widget_type=\"heading.default\">\n\t\t\t\t<div class=\"elementor-widget-container\">\n\t\t\t\t\t<h2 class=\"elementor-heading-title elementor-size-default\">Contactez-moi<\/h2>\t\t\t\t<\/div>\n\t\t\t\t<\/div>\n\t\t\t\t<div class=\"elementor-element elementor-element-4613be24 elementor-widget-divider--view-line elementor-widget elementor-widget-divider\" data-id=\"4613be24\" data-element_type=\"widget\" data-e-type=\"widget\" data-widget_type=\"divider.default\">\n\t\t\t\t<div class=\"elementor-widget-container\">\n\t\t\t\t\t\t\t<div class=\"elementor-divider\">\n\t\t\t<span class=\"elementor-divider-separator\">\n\t\t\t\t\t\t<\/span>\n\t\t<\/div>\n\t\t\t\t\t\t<\/div>\n\t\t\t\t<\/div>\n\t\t\t\t<div class=\"elementor-element elementor-element-25ef3936 elementor-widget elementor-widget-heading\" data-id=\"25ef3936\" data-element_type=\"widget\" data-e-type=\"widget\" data-widget_type=\"heading.default\">\n\t\t\t\t<div class=\"elementor-widget-container\">\n\t\t\t\t\t<h2 class=\"elementor-heading-title elementor-size-default\">Laurence LUBET - Chai Loly<\/h2>\t\t\t\t<\/div>\n\t\t\t\t<\/div>\n\t\t\t\t<div class=\"elementor-element elementor-element-2aed02fe elementor-icon-list--layout-traditional elementor-list-item-link-full_width elementor-widget elementor-widget-icon-list\" data-id=\"2aed02fe\" data-element_type=\"widget\" data-e-type=\"widget\" data-widget_type=\"icon-list.default\">\n\t\t\t\t<div class=\"elementor-widget-container\">\n\t\t\t\t\t\t\t<ul class=\"elementor-icon-list-items\">\n\t\t\t\t\t\t\t<li class=\"elementor-icon-list-item\">\n\t\t\t\t\t\t\t\t\t\t\t<span class=\"elementor-icon-list-icon\">\n\t\t\t\t\t\t\t<i aria-hidden=\"true\" class=\"fas fa-map-marker-alt\"><\/i>\t\t\t\t\t\t<\/span>\n\t\t\t\t\t\t\t\t\t\t<span class=\"elementor-icon-list-text\">477 all\u00e9e de sauti\u00e9 64300 BALANSUN<\/span>\n\t\t\t\t\t\t\t\t\t<\/li>\n\t\t\t\t\t\t\t\t<li class=\"elementor-icon-list-item\">\n\t\t\t\t\t\t\t\t\t\t\t<span class=\"elementor-icon-list-icon\">\n\t\t\t\t\t\t\t<i aria-hidden=\"true\" class=\"far fa-envelope\"><\/i>\t\t\t\t\t\t<\/span>\n\t\t\t\t\t\t\t\t\t\t<span class=\"elementor-icon-list-text\">chai.loly64@gmail.com<\/span>\n\t\t\t\t\t\t\t\t\t<\/li>\n\t\t\t\t\t\t\t\t<li class=\"elementor-icon-list-item\">\n\t\t\t\t\t\t\t\t\t\t\t<span class=\"elementor-icon-list-icon\">\n\t\t\t\t\t\t\t<i aria-hidden=\"true\" class=\"fas fa-phone-square-alt\"><\/i>\t\t\t\t\t\t<\/span>\n\t\t\t\t\t\t\t\t\t\t<span class=\"elementor-icon-list-text\">06.45.95.83.61<\/span>\n\t\t\t\t\t\t\t\t\t<\/li>\n\t\t\t\t\t\t<\/ul>\n\t\t\t\t\t\t<\/div>\n\t\t\t\t<\/div>\n\t\t\t\t\t<\/div>\n\t\t<\/div>\n\t\t\t\t\t<\/div>\n\t\t<\/section>\n\t\t\t\t<\/div>\n\t\t","protected":false},"excerpt":{"rendered":"<p>R\u00e9servation en direct par appel ou SMS au 06.45.95.83.61 ou par mail \u00e0 chai.loly64@gmail.com Tarifs pour deux personnes avec baln\u00e9o La nuit\u00e9e : 92 \u20ac Court s\u00e9jour (de 2 \u00e0 4 nuits) : 88 \u20ac\/nuit Long s\u00e9jour (5 nuits ou +) : 80 \u20ac\/nuit Je propose 2 formules de petits d\u00e9jeuner: Traditionnel \u00e0 7 \u20ac\/personne [&hellip;]<\/p>\n","protected":false},"author":1,"featured_media":0,"parent":0,"menu_order":0,"comment_status":"closed","ping_status":"closed","template":"","meta":{"ocean_post_layout":"","ocean_both_sidebars_style":"","ocean_both_sidebars_content_width":0,"ocean_both_sidebars_sidebars_width":0,"ocean_sidebar":"0","ocean_second_sidebar":"0","ocean_disable_margins":"enable","ocean_add_body_class":"","ocean_shortcode_before_top_bar":"","ocean_shortcode_after_top_bar":"","ocean_shortcode_before_header":"","ocean_shortcode_after_header":"","ocean_has_shortcode":"","ocean_shortcode_after_title":"","ocean_shortcode_before_footer_widgets":"","ocean_shortcode_after_footer_widgets":"","ocean_shortcode_before_footer_bottom":"","ocean_shortcode_after_footer_bottom":"","ocean_display_top_bar":"default","ocean_display_header":"default","ocean_header_style":"","ocean_center_header_left_menu":"0","ocean_custom_header_template":"0","ocean_custom_logo":0,"ocean_custom_retina_logo":0,"ocean_custom_logo_max_width":0,"ocean_custom_logo_tablet_max_width":0,"ocean_custom_logo_mobile_max_width":0,"ocean_custom_logo_max_height":0,"ocean_custom_logo_tablet_max_height":0,"ocean_custom_logo_mobile_max_height":0,"ocean_header_custom_menu":"0","ocean_menu_typo_font_family":"0","ocean_menu_typo_font_subset":"","ocean_menu_typo_font_size":0,"ocean_menu_typo_font_size_tablet":0,"ocean_menu_typo_font_size_mobile":0,"ocean_menu_typo_font_size_unit":"px","ocean_menu_typo_font_weight":"","ocean_menu_typo_font_weight_tablet":"","ocean_menu_typo_font_weight_mobile":"","ocean_menu_typo_transform":"","ocean_menu_typo_transform_tablet":"","ocean_menu_typo_transform_mobile":"","ocean_menu_typo_line_height":0,"ocean_menu_typo_line_height_tablet":0,"ocean_menu_typo_line_height_mobile":0,"ocean_menu_typo_line_height_unit":"","ocean_menu_typo_spacing":0,"ocean_menu_typo_spacing_tablet":0,"ocean_menu_typo_spacing_mobile":0,"ocean_menu_typo_spacing_unit":"","ocean_menu_link_color":"","ocean_menu_link_color_hover":"","ocean_menu_link_color_active":"","ocean_menu_link_background":"","ocean_menu_link_hover_background":"","ocean_menu_link_active_background":"","ocean_menu_social_links_bg":"","ocean_menu_social_hover_links_bg":"","ocean_menu_social_links_color":"","ocean_menu_social_hover_links_color":"","ocean_disable_title":"default","ocean_disable_heading":"default","ocean_post_title":"","ocean_post_subheading":"","ocean_post_title_style":"","ocean_post_title_background_color":"","ocean_post_title_background":0,"ocean_post_title_bg_image_position":"","ocean_post_title_bg_image_attachment":"","ocean_post_title_bg_image_repeat":"","ocean_post_title_bg_image_size":"","ocean_post_title_height":0,"ocean_post_title_bg_overlay":0.5,"ocean_post_title_bg_overlay_color":"","ocean_disable_breadcrumbs":"default","ocean_breadcrumbs_color":"","ocean_breadcrumbs_separator_color":"","ocean_breadcrumbs_links_color":"","ocean_breadcrumbs_links_hover_color":"","ocean_display_footer_widgets":"default","ocean_display_footer_bottom":"default","ocean_custom_footer_template":"0","footnotes":""},"class_list":["post-3823","page","type-page","status-publish","hentry","entry"],"yoast_head":"<!-- This site is optimized with the Yoast SEO plugin v24.1 - https:\/\/yoast.com\/wordpress\/plugins\/seo\/ -->\n<title>R\u00e9servations - Chai Loly<\/title>\n<meta name=\"robots\" content=\"index, follow, max-snippet:-1, max-image-preview:large, max-video-preview:-1\" \/>\n<link rel=\"canonical\" href=\"https:\/\/chai-loly.com\/index.php\/conditions-et-equipements\/\" \/>\n<meta property=\"og:locale\" content=\"fr_FR\" \/>\n<meta property=\"og:type\" content=\"article\" \/>\n<meta property=\"og:title\" content=\"R\u00e9servations - Chai Loly\" \/>\n<meta property=\"og:description\" content=\"R\u00e9servation en direct par appel ou SMS au 06.45.95.83.61 ou par mail \u00e0 chai.loly64@gmail.com Tarifs pour deux personnes avec baln\u00e9o La nuit\u00e9e : 92 \u20ac Court s\u00e9jour (de 2 \u00e0 4 nuits) : 88 \u20ac\/nuit Long s\u00e9jour (5 nuits ou +) : 80 \u20ac\/nuit Je propose 2 formules de petits d\u00e9jeuner: Traditionnel \u00e0 7 \u20ac\/personne [&hellip;]\" \/>\n<meta property=\"og:url\" content=\"https:\/\/chai-loly.com\/index.php\/conditions-et-equipements\/\" \/>\n<meta property=\"og:site_name\" content=\"Chai Loly\" \/>\n<meta property=\"article:modified_time\" content=\"2026-01-21T21:37:09+00:00\" \/>\n<meta name=\"twitter:card\" content=\"summary_large_image\" \/>\n<meta name=\"twitter:label1\" content=\"Dur\u00e9e de lecture estim\u00e9e\" \/>\n\t<meta name=\"twitter:data1\" content=\"1 minute\" \/>\n<script type=\"application\/ld+json\" class=\"yoast-schema-graph\">{\"@context\":\"https:\/\/schema.org\",\"@graph\":[{\"@type\":\"WebPage\",\"@id\":\"https:\/\/chai-loly.com\/index.php\/conditions-et-equipements\/\",\"url\":\"https:\/\/chai-loly.com\/index.php\/conditions-et-equipements\/\",\"name\":\"R\u00e9servations - Chai Loly\",\"isPartOf\":{\"@id\":\"https:\/\/chai-loly.com\/#website\"},\"datePublished\":\"2023-01-12T07:57:38+00:00\",\"dateModified\":\"2026-01-21T21:37:09+00:00\",\"breadcrumb\":{\"@id\":\"https:\/\/chai-loly.com\/index.php\/conditions-et-equipements\/#breadcrumb\"},\"inLanguage\":\"fr-FR\",\"potentialAction\":[{\"@type\":\"ReadAction\",\"target\":[\"https:\/\/chai-loly.com\/index.php\/conditions-et-equipements\/\"]}]},{\"@type\":\"BreadcrumbList\",\"@id\":\"https:\/\/chai-loly.com\/index.php\/conditions-et-equipements\/#breadcrumb\",\"itemListElement\":[{\"@type\":\"ListItem\",\"position\":1,\"name\":\"Accueil\",\"item\":\"https:\/\/chai-loly.com\/\"},{\"@type\":\"ListItem\",\"position\":2,\"name\":\"R\u00e9servations\"}]},{\"@type\":\"WebSite\",\"@id\":\"https:\/\/chai-loly.com\/#website\",\"url\":\"https:\/\/chai-loly.com\/\",\"name\":\"Chai Loly - G\u00eete 4 \u00e9toiles au calme et au c\u0153ur du B\u00e9arn\",\"description\":\"Profitez d&#039;un environnement reposant et prendre soin de soi\",\"publisher\":{\"@id\":\"https:\/\/chai-loly.com\/#organization\"},\"potentialAction\":[{\"@type\":\"SearchAction\",\"target\":{\"@type\":\"EntryPoint\",\"urlTemplate\":\"https:\/\/chai-loly.com\/?s={search_term_string}\"},\"query-input\":{\"@type\":\"PropertyValueSpecification\",\"valueRequired\":true,\"valueName\":\"search_term_string\"}}],\"inLanguage\":\"fr-FR\"},{\"@type\":\"Organization\",\"@id\":\"https:\/\/chai-loly.com\/#organization\",\"name\":\"Chai Loly\",\"url\":\"https:\/\/chai-loly.com\/\",\"logo\":{\"@type\":\"ImageObject\",\"inLanguage\":\"fr-FR\",\"@id\":\"https:\/\/chai-loly.com\/#\/schema\/logo\/image\/\",\"url\":\"https:\/\/chai-loly.com\/wp-content\/uploads\/2025\/08\/cropped-bb747f43-1973-4edc-8ecc-d001620afffc.jpg\",\"contentUrl\":\"https:\/\/chai-loly.com\/wp-content\/uploads\/2025\/08\/cropped-bb747f43-1973-4edc-8ecc-d001620afffc.jpg\",\"width\":512,\"height\":512,\"caption\":\"Chai Loly\"},\"image\":{\"@id\":\"https:\/\/chai-loly.com\/#\/schema\/logo\/image\/\"}}]}<\/script>\n<!-- \/ Yoast SEO plugin. -->","yoast_head_json":{"title":"R\u00e9servations - Chai Loly","robots":{"index":"index","follow":"follow","max-snippet":"max-snippet:-1","max-image-preview":"max-image-preview:large","max-video-preview":"max-video-preview:-1"},"canonical":"https:\/\/chai-loly.com\/index.php\/conditions-et-equipements\/","og_locale":"fr_FR","og_type":"article","og_title":"R\u00e9servations - Chai Loly","og_description":"R\u00e9servation en direct par appel ou SMS au 06.45.95.83.61 ou par mail \u00e0 chai.loly64@gmail.com Tarifs pour deux personnes avec baln\u00e9o La nuit\u00e9e : 92 \u20ac Court s\u00e9jour (de 2 \u00e0 4 nuits) : 88 \u20ac\/nuit Long s\u00e9jour (5 nuits ou +) : 80 \u20ac\/nuit Je propose 2 formules de petits d\u00e9jeuner: Traditionnel \u00e0 7 \u20ac\/personne [&hellip;]","og_url":"https:\/\/chai-loly.com\/index.php\/conditions-et-equipements\/","og_site_name":"Chai Loly","article_modified_time":"2026-01-21T21:37:09+00:00","twitter_card":"summary_large_image","twitter_misc":{"Dur\u00e9e de lecture estim\u00e9e":"1 minute"},"schema":{"@context":"https:\/\/schema.org","@graph":[{"@type":"WebPage","@id":"https:\/\/chai-loly.com\/index.php\/conditions-et-equipements\/","url":"https:\/\/chai-loly.com\/index.php\/conditions-et-equipements\/","name":"R\u00e9servations - Chai Loly","isPartOf":{"@id":"https:\/\/chai-loly.com\/#website"},"datePublished":"2023-01-12T07:57:38+00:00","dateModified":"2026-01-21T21:37:09+00:00","breadcrumb":{"@id":"https:\/\/chai-loly.com\/index.php\/conditions-et-equipements\/#breadcrumb"},"inLanguage":"fr-FR","potentialAction":[{"@type":"ReadAction","target":["https:\/\/chai-loly.com\/index.php\/conditions-et-equipements\/"]}]},{"@type":"BreadcrumbList","@id":"https:\/\/chai-loly.com\/index.php\/conditions-et-equipements\/#breadcrumb","itemListElement":[{"@type":"ListItem","position":1,"name":"Accueil","item":"https:\/\/chai-loly.com\/"},{"@type":"ListItem","position":2,"name":"R\u00e9servations"}]},{"@type":"WebSite","@id":"https:\/\/chai-loly.com\/#website","url":"https:\/\/chai-loly.com\/","name":"Chai Loly - G\u00eete 4 \u00e9toiles au calme et au c\u0153ur du B\u00e9arn","description":"Profitez d&#039;un environnement reposant et prendre soin de soi","publisher":{"@id":"https:\/\/chai-loly.com\/#organization"},"potentialAction":[{"@type":"SearchAction","target":{"@type":"EntryPoint","urlTemplate":"https:\/\/chai-loly.com\/?s={search_term_string}"},"query-input":{"@type":"PropertyValueSpecification","valueRequired":true,"valueName":"search_term_string"}}],"inLanguage":"fr-FR"},{"@type":"Organization","@id":"https:\/\/chai-loly.com\/#organization","name":"Chai Loly","url":"https:\/\/chai-loly.com\/","logo":{"@type":"ImageObject","inLanguage":"fr-FR","@id":"https:\/\/chai-loly.com\/#\/schema\/logo\/image\/","url":"https:\/\/chai-loly.com\/wp-content\/uploads\/2025\/08\/cropped-bb747f43-1973-4edc-8ecc-d001620afffc.jpg","contentUrl":"https:\/\/chai-loly.com\/wp-content\/uploads\/2025\/08\/cropped-bb747f43-1973-4edc-8ecc-d001620afffc.jpg","width":512,"height":512,"caption":"Chai Loly"},"image":{"@id":"https:\/\/chai-loly.com\/#\/schema\/logo\/image\/"}}]}},"jetpack_sharing_enabled":true,"_links":{"self":[{"href":"https:\/\/chai-loly.com\/index.php\/wp-json\/wp\/v2\/pages\/3823","targetHints":{"allow":["GET"]}}],"collection":[{"href":"https:\/\/chai-loly.com\/index.php\/wp-json\/wp\/v2\/pages"}],"about":[{"href":"https:\/\/chai-loly.com\/index.php\/wp-json\/wp\/v2\/types\/page"}],"author":[{"embeddable":true,"href":"https:\/\/chai-loly.com\/index.php\/wp-json\/wp\/v2\/users\/1"}],"replies":[{"embeddable":true,"href":"https:\/\/chai-loly.com\/index.php\/wp-json\/wp\/v2\/comments?post=3823"}],"version-history":[{"count":12,"href":"https:\/\/chai-loly.com\/index.php\/wp-json\/wp\/v2\/pages\/3823\/revisions"}],"predecessor-version":[{"id":7056,"href":"https:\/\/chai-loly.com\/index.php\/wp-json\/wp\/v2\/pages\/3823\/revisions\/7056"}],"wp:attachment":[{"href":"https:\/\/chai-loly.com\/index.php\/wp-json\/wp\/v2\/media?parent=3823"}],"curies":[{"name":"wp","href":"https:\/\/api.w.org\/{rel}","templated":true}]}}