{"id":372,"date":"2021-06-30T10:32:52","date_gmt":"2021-06-30T08:32:52","guid":{"rendered":"https:\/\/chai-loly.com\/?page_id=372"},"modified":"2024-04-04T22:06:01","modified_gmt":"2024-04-04T20:06:01","slug":"conditions","status":"publish","type":"page","link":"https:\/\/chai-loly.com\/index.php\/conditions\/","title":{"rendered":"Conditions"},"content":{"rendered":"\t\t<div data-elementor-type=\"wp-page\" data-elementor-id=\"372\" class=\"elementor elementor-372\">\n\t\t\t\t\t\t<section class=\"elementor-section elementor-top-section elementor-element elementor-element-466b9eb9 elementor-section-boxed elementor-section-height-default elementor-section-height-default\" data-id=\"466b9eb9\" data-element_type=\"section\" data-e-type=\"section\">\n\t\t\t\t\t\t<div class=\"elementor-container elementor-column-gap-default\">\n\t\t\t\t\t<div class=\"elementor-column elementor-col-100 elementor-top-column elementor-element elementor-element-4457ab93\" data-id=\"4457ab93\" data-element_type=\"column\" data-e-type=\"column\">\n\t\t\t<div class=\"elementor-widget-wrap elementor-element-populated\">\n\t\t\t\t\t\t<div class=\"elementor-element elementor-element-1611e3fe elementor-widget elementor-widget-text-editor\" data-id=\"1611e3fe\" data-element_type=\"widget\" data-e-type=\"widget\" data-widget_type=\"text-editor.default\">\n\t\t\t\t<div class=\"elementor-widget-container\">\n\t\t\t\t\t\t\t\t\t<p><\/p>\n<p>L&rsquo;int\u00e9rieur du g\u00eete est non fumeur<\/p>\n<p><\/p>\n<p><strong>Les tarifs comprennent :<\/strong> la location, les lits faits \u00e0 l&rsquo;arriv\u00e9e, des draps de bain et un forfait d&rsquo;eau et d&rsquo;\u00e9lectricit\u00e9 en consommation raisonnable (bas\u00e9e sur la consommation moyenne d&rsquo;une personne).\u00a0<\/p>\n<p><\/p>\n<p>Les\u00a0<strong>arriv\u00e9es\u00a0<\/strong>se font \u00e0 partir de 16h et les\u00a0<strong>d\u00e9parts\u00a0<\/strong>se font entre 10h et 11h.\u00a0<\/p>\n<p><\/p>\n<p>Le paiement de\u00a0<strong>30% d&rsquo;acompte<\/strong> se fait \u00e0 la r\u00e9servation et \u00e0 la signature du contrat et le solde est \u00e0 r\u00e9gler le jour de l&rsquo;arriv\u00e9e. Remboursement de l&rsquo;acompte en cas d&rsquo;annulation jusqu&rsquo;\u00e0 1 mois avant le d\u00e9but du s\u00e9jour r\u00e9alis\u00e9 par mail. Dans le cas contraire, aucun remboursement de l&rsquo;acompte ne sera effectu\u00e9.<\/p>\n<p><\/p>\n<p><strong>Les tarifs ne comprennent pas <\/strong>: le d\u00e9p\u00f4t de garantie, la taxe de s\u00e9jour, les diff\u00e9rentes prestations propos\u00e9e par mes soins.<\/p>\n<p><\/p>\n<p>Le d\u00e9p\u00f4t de garantie de 400 euro est restitu\u00e9 apr\u00e8s l&rsquo;\u00e9tat des lieux.<\/p>\n<p><\/p>\n<p>La\u00a0<strong>taxe de s\u00e9jour<\/strong> est fix\u00e9e chaque ann\u00e9e par texte r\u00e9glementaire de notre communaut\u00e9 de communes.(1.30\u20ac par personne et par jour pour l&rsquo;ann\u00e9e 2024).<\/p>\n<p><\/p>\n<p>Tous les \u00e9quipements et produits d&rsquo;entretien sont fournis. Il est conseill\u00e9 de vider la machine \u00e0 laver la vaisselle et de nettoyer le coin cuisine ainsi que la gazini\u00e8re. Des traces de niveau d&rsquo;eau apparaissent dans la BALNEO et ceci apr\u00e8s chaque bain. Il est conseill\u00e9 de passer une \u00e9ponge sans produit pour \u00e9viter que les traces persistent. .<\/p>\n<p><\/p>\n<p>La <b>baln\u00e9o <\/b>reste un produit fragile qui m\u00e9rite toute son attention. Les <strong>produits<\/strong> <strong>d&rsquo;entretien<\/strong> et ou <strong>shampoing<\/strong> ou produits du corps sont strictement<strong> interdits.<\/strong> Ils bouchent les \u00e9vacuations et emp\u00eachent le bon fonctionnement et le nettoyage propos\u00e9 par le concept lui m\u00eame. La douche apr\u00e8s le bain est pr\u00e9vu pour se laver, le bain \u00e9tant destin\u00e9 pour la d\u00e9tente et la relaxation. Les horaires de la BALNEO: De 7 H du matin \u00e0 21 H00.<\/p>\n<p>Une notice d\u2019utilisation de la baln\u00e9o est fournie \u00e0 votre arriv\u00e9e avec les explications et quelques recommandations. Tout abus sera factur\u00e9. \u00a0<\/p>\n<p><\/p>\n<p>Un d\u00e9tecteur de fum\u00e9e et monoxyde de carbone sont\u00a0 pr\u00e9sents dans le logement<\/p>\n<p><\/p>\t\t\t\t\t\t\t\t<\/div>\n\t\t\t\t<\/div>\n\t\t\t\t\t<\/div>\n\t\t<\/div>\n\t\t\t\t\t<\/div>\n\t\t<\/section>\n\t\t\t\t<\/div>\n\t\t","protected":false},"excerpt":{"rendered":"<p>L&rsquo;int\u00e9rieur du g\u00eete est non fumeur Les tarifs comprennent : la location, les lits faits \u00e0 l&rsquo;arriv\u00e9e, des draps de bain et un forfait d&rsquo;eau et d&rsquo;\u00e9lectricit\u00e9 en consommation raisonnable (bas\u00e9e sur la consommation moyenne d&rsquo;une personne).\u00a0 Les\u00a0arriv\u00e9es\u00a0se font \u00e0 partir de 16h et les\u00a0d\u00e9parts\u00a0se font entre 10h et 11h.\u00a0 Le paiement de\u00a030% d&rsquo;acompte se [&hellip;]<\/p>\n","protected":false},"author":1,"featured_media":0,"parent":0,"menu_order":0,"comment_status":"closed","ping_status":"closed","template":"","meta":{"ocean_post_layout":"","ocean_both_sidebars_style":"","ocean_both_sidebars_content_width":0,"ocean_both_sidebars_sidebars_width":0,"ocean_sidebar":"0","ocean_second_sidebar":"0","ocean_disable_margins":"enable","ocean_add_body_class":"","ocean_shortcode_before_top_bar":"","ocean_shortcode_after_top_bar":"","ocean_shortcode_before_header":"","ocean_shortcode_after_header":"","ocean_has_shortcode":"","ocean_shortcode_after_title":"","ocean_shortcode_before_footer_widgets":"","ocean_shortcode_after_footer_widgets":"","ocean_shortcode_before_footer_bottom":"","ocean_shortcode_after_footer_bottom":"","ocean_display_top_bar":"default","ocean_display_header":"default","ocean_header_style":"","ocean_center_header_left_menu":"0","ocean_custom_header_template":"0","ocean_custom_logo":0,"ocean_custom_retina_logo":0,"ocean_custom_logo_max_width":0,"ocean_custom_logo_tablet_max_width":0,"ocean_custom_logo_mobile_max_width":0,"ocean_custom_logo_max_height":0,"ocean_custom_logo_tablet_max_height":0,"ocean_custom_logo_mobile_max_height":0,"ocean_header_custom_menu":"0","ocean_menu_typo_font_family":"0","ocean_menu_typo_font_subset":"","ocean_menu_typo_font_size":0,"ocean_menu_typo_font_size_tablet":0,"ocean_menu_typo_font_size_mobile":0,"ocean_menu_typo_font_size_unit":"px","ocean_menu_typo_font_weight":"","ocean_menu_typo_font_weight_tablet":"","ocean_menu_typo_font_weight_mobile":"","ocean_menu_typo_transform":"","ocean_menu_typo_transform_tablet":"","ocean_menu_typo_transform_mobile":"","ocean_menu_typo_line_height":0,"ocean_menu_typo_line_height_tablet":0,"ocean_menu_typo_line_height_mobile":0,"ocean_menu_typo_line_height_unit":"","ocean_menu_typo_spacing":0,"ocean_menu_typo_spacing_tablet":0,"ocean_menu_typo_spacing_mobile":0,"ocean_menu_typo_spacing_unit":"","ocean_menu_link_color":"","ocean_menu_link_color_hover":"","ocean_menu_link_color_active":"","ocean_menu_link_background":"","ocean_menu_link_hover_background":"","ocean_menu_link_active_background":"","ocean_menu_social_links_bg":"","ocean_menu_social_hover_links_bg":"","ocean_menu_social_links_color":"","ocean_menu_social_hover_links_color":"","ocean_disable_title":"default","ocean_disable_heading":"default","ocean_post_title":"","ocean_post_subheading":"","ocean_post_title_style":"","ocean_post_title_background_color":"","ocean_post_title_background":0,"ocean_post_title_bg_image_position":"","ocean_post_title_bg_image_attachment":"","ocean_post_title_bg_image_repeat":"","ocean_post_title_bg_image_size":"","ocean_post_title_height":0,"ocean_post_title_bg_overlay":0.5,"ocean_post_title_bg_overlay_color":"","ocean_disable_breadcrumbs":"default","ocean_breadcrumbs_color":"","ocean_breadcrumbs_separator_color":"","ocean_breadcrumbs_links_color":"","ocean_breadcrumbs_links_hover_color":"","ocean_display_footer_widgets":"default","ocean_display_footer_bottom":"default","ocean_custom_footer_template":"0","footnotes":""},"class_list":["post-372","page","type-page","status-publish","hentry","entry"],"yoast_head":"<!-- This site is optimized with the Yoast SEO plugin v24.1 - https:\/\/yoast.com\/wordpress\/plugins\/seo\/ -->\n<title>Conditions - Chai Loly<\/title>\n<meta name=\"robots\" content=\"index, follow, max-snippet:-1, max-image-preview:large, max-video-preview:-1\" \/>\n<link rel=\"canonical\" href=\"https:\/\/chai-loly.com\/index.php\/conditions\/\" \/>\n<meta property=\"og:locale\" content=\"fr_FR\" \/>\n<meta property=\"og:type\" content=\"article\" \/>\n<meta property=\"og:title\" content=\"Conditions - Chai Loly\" \/>\n<meta property=\"og:description\" content=\"L&rsquo;int\u00e9rieur du g\u00eete est non fumeur Les tarifs comprennent : la location, les lits faits \u00e0 l&rsquo;arriv\u00e9e, des draps de bain et un forfait d&rsquo;eau et d&rsquo;\u00e9lectricit\u00e9 en consommation raisonnable (bas\u00e9e sur la consommation moyenne d&rsquo;une personne).\u00a0 Les\u00a0arriv\u00e9es\u00a0se font \u00e0 partir de 16h et les\u00a0d\u00e9parts\u00a0se font entre 10h et 11h.\u00a0 Le paiement de\u00a030% d&rsquo;acompte se [&hellip;]\" \/>\n<meta property=\"og:url\" content=\"https:\/\/chai-loly.com\/index.php\/conditions\/\" \/>\n<meta property=\"og:site_name\" content=\"Chai Loly\" \/>\n<meta property=\"article:modified_time\" content=\"2024-04-04T20:06:01+00:00\" \/>\n<meta name=\"twitter:card\" content=\"summary_large_image\" \/>\n<meta name=\"twitter:label1\" content=\"Dur\u00e9e de lecture estim\u00e9e\" \/>\n\t<meta name=\"twitter:data1\" content=\"2 minutes\" \/>\n<script type=\"application\/ld+json\" class=\"yoast-schema-graph\">{\"@context\":\"https:\/\/schema.org\",\"@graph\":[{\"@type\":\"WebPage\",\"@id\":\"https:\/\/chai-loly.com\/index.php\/conditions\/\",\"url\":\"https:\/\/chai-loly.com\/index.php\/conditions\/\",\"name\":\"Conditions - Chai Loly\",\"isPartOf\":{\"@id\":\"https:\/\/chai-loly.com\/#website\"},\"datePublished\":\"2021-06-30T08:32:52+00:00\",\"dateModified\":\"2024-04-04T20:06:01+00:00\",\"breadcrumb\":{\"@id\":\"https:\/\/chai-loly.com\/index.php\/conditions\/#breadcrumb\"},\"inLanguage\":\"fr-FR\",\"potentialAction\":[{\"@type\":\"ReadAction\",\"target\":[\"https:\/\/chai-loly.com\/index.php\/conditions\/\"]}]},{\"@type\":\"BreadcrumbList\",\"@id\":\"https:\/\/chai-loly.com\/index.php\/conditions\/#breadcrumb\",\"itemListElement\":[{\"@type\":\"ListItem\",\"position\":1,\"name\":\"Accueil\",\"item\":\"https:\/\/chai-loly.com\/\"},{\"@type\":\"ListItem\",\"position\":2,\"name\":\"Conditions\"}]},{\"@type\":\"WebSite\",\"@id\":\"https:\/\/chai-loly.com\/#website\",\"url\":\"https:\/\/chai-loly.com\/\",\"name\":\"Chai Loly - G\u00eete 4 \u00e9toiles au calme et au c\u0153ur du B\u00e9arn\",\"description\":\"Profitez d&#039;un environnement reposant et prendre soin de soi\",\"publisher\":{\"@id\":\"https:\/\/chai-loly.com\/#organization\"},\"potentialAction\":[{\"@type\":\"SearchAction\",\"target\":{\"@type\":\"EntryPoint\",\"urlTemplate\":\"https:\/\/chai-loly.com\/?s={search_term_string}\"},\"query-input\":{\"@type\":\"PropertyValueSpecification\",\"valueRequired\":true,\"valueName\":\"search_term_string\"}}],\"inLanguage\":\"fr-FR\"},{\"@type\":\"Organization\",\"@id\":\"https:\/\/chai-loly.com\/#organization\",\"name\":\"Chai Loly\",\"url\":\"https:\/\/chai-loly.com\/\",\"logo\":{\"@type\":\"ImageObject\",\"inLanguage\":\"fr-FR\",\"@id\":\"https:\/\/chai-loly.com\/#\/schema\/logo\/image\/\",\"url\":\"https:\/\/chai-loly.com\/wp-content\/uploads\/2025\/08\/cropped-bb747f43-1973-4edc-8ecc-d001620afffc.jpg\",\"contentUrl\":\"https:\/\/chai-loly.com\/wp-content\/uploads\/2025\/08\/cropped-bb747f43-1973-4edc-8ecc-d001620afffc.jpg\",\"width\":512,\"height\":512,\"caption\":\"Chai Loly\"},\"image\":{\"@id\":\"https:\/\/chai-loly.com\/#\/schema\/logo\/image\/\"}}]}<\/script>\n<!-- \/ Yoast SEO plugin. -->","yoast_head_json":{"title":"Conditions - Chai Loly","robots":{"index":"index","follow":"follow","max-snippet":"max-snippet:-1","max-image-preview":"max-image-preview:large","max-video-preview":"max-video-preview:-1"},"canonical":"https:\/\/chai-loly.com\/index.php\/conditions\/","og_locale":"fr_FR","og_type":"article","og_title":"Conditions - Chai Loly","og_description":"L&rsquo;int\u00e9rieur du g\u00eete est non fumeur Les tarifs comprennent : la location, les lits faits \u00e0 l&rsquo;arriv\u00e9e, des draps de bain et un forfait d&rsquo;eau et d&rsquo;\u00e9lectricit\u00e9 en consommation raisonnable (bas\u00e9e sur la consommation moyenne d&rsquo;une personne).\u00a0 Les\u00a0arriv\u00e9es\u00a0se font \u00e0 partir de 16h et les\u00a0d\u00e9parts\u00a0se font entre 10h et 11h.\u00a0 Le paiement de\u00a030% d&rsquo;acompte se [&hellip;]","og_url":"https:\/\/chai-loly.com\/index.php\/conditions\/","og_site_name":"Chai Loly","article_modified_time":"2024-04-04T20:06:01+00:00","twitter_card":"summary_large_image","twitter_misc":{"Dur\u00e9e de lecture estim\u00e9e":"2 minutes"},"schema":{"@context":"https:\/\/schema.org","@graph":[{"@type":"WebPage","@id":"https:\/\/chai-loly.com\/index.php\/conditions\/","url":"https:\/\/chai-loly.com\/index.php\/conditions\/","name":"Conditions - Chai Loly","isPartOf":{"@id":"https:\/\/chai-loly.com\/#website"},"datePublished":"2021-06-30T08:32:52+00:00","dateModified":"2024-04-04T20:06:01+00:00","breadcrumb":{"@id":"https:\/\/chai-loly.com\/index.php\/conditions\/#breadcrumb"},"inLanguage":"fr-FR","potentialAction":[{"@type":"ReadAction","target":["https:\/\/chai-loly.com\/index.php\/conditions\/"]}]},{"@type":"BreadcrumbList","@id":"https:\/\/chai-loly.com\/index.php\/conditions\/#breadcrumb","itemListElement":[{"@type":"ListItem","position":1,"name":"Accueil","item":"https:\/\/chai-loly.com\/"},{"@type":"ListItem","position":2,"name":"Conditions"}]},{"@type":"WebSite","@id":"https:\/\/chai-loly.com\/#website","url":"https:\/\/chai-loly.com\/","name":"Chai Loly - G\u00eete 4 \u00e9toiles au calme et au c\u0153ur du B\u00e9arn","description":"Profitez d&#039;un environnement reposant et prendre soin de soi","publisher":{"@id":"https:\/\/chai-loly.com\/#organization"},"potentialAction":[{"@type":"SearchAction","target":{"@type":"EntryPoint","urlTemplate":"https:\/\/chai-loly.com\/?s={search_term_string}"},"query-input":{"@type":"PropertyValueSpecification","valueRequired":true,"valueName":"search_term_string"}}],"inLanguage":"fr-FR"},{"@type":"Organization","@id":"https:\/\/chai-loly.com\/#organization","name":"Chai Loly","url":"https:\/\/chai-loly.com\/","logo":{"@type":"ImageObject","inLanguage":"fr-FR","@id":"https:\/\/chai-loly.com\/#\/schema\/logo\/image\/","url":"https:\/\/chai-loly.com\/wp-content\/uploads\/2025\/08\/cropped-bb747f43-1973-4edc-8ecc-d001620afffc.jpg","contentUrl":"https:\/\/chai-loly.com\/wp-content\/uploads\/2025\/08\/cropped-bb747f43-1973-4edc-8ecc-d001620afffc.jpg","width":512,"height":512,"caption":"Chai Loly"},"image":{"@id":"https:\/\/chai-loly.com\/#\/schema\/logo\/image\/"}}]}},"jetpack_sharing_enabled":true,"_links":{"self":[{"href":"https:\/\/chai-loly.com\/index.php\/wp-json\/wp\/v2\/pages\/372","targetHints":{"allow":["GET"]}}],"collection":[{"href":"https:\/\/chai-loly.com\/index.php\/wp-json\/wp\/v2\/pages"}],"about":[{"href":"https:\/\/chai-loly.com\/index.php\/wp-json\/wp\/v2\/types\/page"}],"author":[{"embeddable":true,"href":"https:\/\/chai-loly.com\/index.php\/wp-json\/wp\/v2\/users\/1"}],"replies":[{"embeddable":true,"href":"https:\/\/chai-loly.com\/index.php\/wp-json\/wp\/v2\/comments?post=372"}],"version-history":[{"count":6,"href":"https:\/\/chai-loly.com\/index.php\/wp-json\/wp\/v2\/pages\/372\/revisions"}],"predecessor-version":[{"id":6473,"href":"https:\/\/chai-loly.com\/index.php\/wp-json\/wp\/v2\/pages\/372\/revisions\/6473"}],"wp:attachment":[{"href":"https:\/\/chai-loly.com\/index.php\/wp-json\/wp\/v2\/media?parent=372"}],"curies":[{"name":"wp","href":"https:\/\/api.w.org\/{rel}","templated":true}]}}